{"id":185,"date":"2022-03-10T13:11:06","date_gmt":"2022-03-10T12:11:06","guid":{"rendered":"https:\/\/rvc-leipzig.de\/imprint\/"},"modified":"2022-03-14T15:25:26","modified_gmt":"2022-03-14T14:25:26","slug":"imprint","status":"publish","type":"page","link":"https:\/\/rvc-leipzig.de\/en\/imprint\/","title":{"rendered":"Imprint"},"content":{"rendered":"\t\t<div data-elementor-type=\"wp-page\" data-elementor-id=\"185\" class=\"elementor elementor-185 elementor-47\" data-elementor-post-type=\"page\">\n\t\t\t\t\t\t<section class=\"elementor-section elementor-top-section elementor-element elementor-element-4357fc7 elementor-section-boxed elementor-section-height-default elementor-section-height-default\" data-id=\"4357fc7\" data-element_type=\"section\">\n\t\t\t\t\t\t<div class=\"elementor-container elementor-column-gap-default\">\n\t\t\t\t\t<div class=\"elementor-column elementor-col-100 elementor-top-column elementor-element elementor-element-cae07ee\" data-id=\"cae07ee\" data-element_type=\"column\">\n\t\t\t<div class=\"elementor-widget-wrap elementor-element-populated\">\n\t\t\t\t\t\t<div class=\"elementor-element elementor-element-1ab8242 elementor-widget elementor-widget-text-editor\" data-id=\"1ab8242\" data-element_type=\"widget\" data-widget_type=\"text-editor.default\">\n\t\t\t\t<div class=\"elementor-widget-container\">\n\t\t\t<style>\/*! elementor - v3.21.0 - 25-04-2024 *\/\n.elementor-widget-text-editor.elementor-drop-cap-view-stacked .elementor-drop-cap{background-color:#69727d;color:#fff}.elementor-widget-text-editor.elementor-drop-cap-view-framed .elementor-drop-cap{color:#69727d;border:3px solid;background-color:transparent}.elementor-widget-text-editor:not(.elementor-drop-cap-view-default) .elementor-drop-cap{margin-top:8px}.elementor-widget-text-editor:not(.elementor-drop-cap-view-default) .elementor-drop-cap-letter{width:1em;height:1em}.elementor-widget-text-editor .elementor-drop-cap{float:left;text-align:center;line-height:1;font-size:50px}.elementor-widget-text-editor .elementor-drop-cap-letter{display:inline-block}<\/style>\t\t\t\t<h1>Imprint<\/h1>\r\n<h2>Angaben gem\u00e4\u00df \u00a7 5 TMG:<\/h2>\r\n<p style=\"margin-top: 0cm; background-image: initial; background-position: initial; background-size: initial; background-repeat: initial; background-attachment: initial; background-origin: initial; background-clip: initial;\"><strong><span style=\"font-size: 12pt; font-family: Roboto;\">RVC Revicon GmbH, Wirtschaftspr\u00fcfungsgesellschaft Steuerberatungsgesellschaft<\/span><\/strong><span style=\"font-size: 12pt; font-family: Roboto;\"><o:p><\/o:p><\/span><\/p>\r\n<p style=\"margin-top: 0cm; background-image: initial; background-position: initial; background-size: initial; background-repeat: initial; background-attachment: initial; background-origin: initial; background-clip: initial; margin-bottom: 1rem;\">\r\n<span style=\"font-size: 12pt; font-family: Roboto;\">Pfaffendorfer Stra\u00dfe 25<br>04105 Leipzig<\/span><\/p><p style=\"margin-top: 0cm; background-image: initial; background-position: initial; background-size: initial; background-repeat: initial; background-attachment: initial; background-origin: initial; background-clip: initial; margin-bottom: 1rem;\"><span style=\"font-size: 12pt; font-family: Roboto;\">Sitz Leipzig<br>Handelsregister Leipzig<br>HRB 39253 <br>USt.-ID DE347493475<o:p><\/o:p><\/span><\/p>\r\n<p style=\"margin-top: 0cm; background-image: initial; background-position: initial; background-size: initial; background-repeat: initial; background-attachment: initial; background-origin: initial; background-clip: initial; margin-bottom: 1rem;\">\r\n<span style=\"font-size: 12pt; font-family: Roboto;\">Gesch\u00e4ftsf\u00fchrer: Dipl.-Kaufmann Stephan Str\u00fcmpfel (Wirtschaftspr\u00fcfer\/Steuerberater)<o:p><\/o:p><\/span><\/p>\r\n<p style=\"margin-top: 0cm; background-image: initial; background-position: initial; background-size: initial; background-repeat: initial; background-attachment: initial; background-origin: initial; background-clip: initial; margin-bottom: 1rem;\">\r\n<strong><span style=\"font-size: 12pt; font-family: Roboto;\">&nbsp;Zust\u00e4ndige Aufsichtsbeh\u00f6rden und Kammern:<\/span><\/strong><span style=\"font-size: 12pt; font-family: Roboto;\"><o:p><\/o:p><\/span><\/p>\r\n<p style=\"margin-top: 0cm; background-image: initial; background-position: initial; background-size: initial; background-repeat: initial; background-attachment: initial; background-origin: initial; background-clip: initial; margin-bottom: 1rem;\">\r\n<span style=\"font-size: 12pt; font-family: Roboto;\">Steuerberaterkammer Sachsen<o:p><\/o:p><\/span><\/p>\r\n<p style=\"margin-top: 0cm; background-image: initial; background-position: initial; background-size: initial; background-repeat: initial; background-attachment: initial; background-origin: initial; background-clip: initial; margin-bottom: 1rem;\">\r\n<span style=\"font-size: 12pt; font-family: Roboto;\">Wirtschaftspr\u00fcferkammer Berlin, Rauchstr. 26, 10787 Berlin<o:p><\/o:p><\/span><\/p>\r\n<p style=\"margin-top: 0cm; background-image: initial; background-position: initial; background-size: initial; background-repeat: initial; background-attachment: initial; background-origin: initial; background-clip: initial; margin-bottom: 1rem;\">\r\n<strong><span style=\"font-size: 12pt; font-family: Roboto;\">Berufsrechtliche Regelungen:<\/span><\/strong><span style=\"font-size: 12pt; font-family: Roboto;\"><o:p><\/o:p><\/span><\/p>\r\n<p style=\"margin-top: 0cm; background-image: initial; background-position: initial; background-size: initial; background-repeat: initial; background-attachment: initial; background-origin: initial; background-clip: initial; margin-bottom: 1rem;\">\r\n<span style=\"font-size: 12pt; font-family: Roboto;\">Der Berufsstand der Steuerberater unterliegt im Wesentlichen nachfolgend genannten berufsrechtlichen Regelungen:<o:p><\/o:p><\/span><\/p>\r\n<ul type=\"disc\">\r\n<li class=\"MsoNormal\" style=\"background-color: white;\">\r\n<span style=\"font-size:12.0pt;font-family:Roboto\">Steuerberatungsgesetz (StBerG)<o:p><\/o:p><\/span><\/li>\r\n<li class=\"MsoNormal\" style=\"background-color: white;\">\r\n<span style=\"font-size:12.0pt;font-family:Roboto\">Durchf\u00fchrungsverordnung zum Steuerberatungsgesetz (DVStB)<o:p><\/o:p><\/span><\/li>\r\n<li class=\"MsoNormal\" style=\"background-color: white;\">\r\n<span style=\"font-size:12.0pt;font-family:Roboto\">Berufsordnung der Bundessteuerberaterkammer f\u00fcr Steuerberater (BOStB)<o:p><\/o:p><\/span><\/li>\r\n<li class=\"MsoNormal\" style=\"background-color: white;\">\r\n<span style=\"font-size:12.0pt;font-family:Roboto\">Steuerberatergeb\u00fchrenverordnung (StBGebV)<o:p><\/o:p><\/span><\/li>\r\n<\/ul>\r\n<p style=\"margin-top: 0cm; background-image: initial; background-position: initial; background-size: initial; background-repeat: initial; background-attachment: initial; background-origin: initial; background-clip: initial; margin-bottom: 1rem;\">\r\n<span style=\"font-size: 12pt; font-family: Roboto;\">Die Regelungen k\u00f6nnen bei der Bundessteuerberaterkammer unter&nbsp;<a href=\"http:\/\/www.bstbk.de\/\"><span style=\"color:#5488AB\">http:\/\/www.bstbk.de\/<\/span><\/a>&nbsp;(dort unter downloads\/Berufsrecht) eingesehen<br> werden.<o:p><\/o:p><\/span><\/p>\r\n<p style=\"margin-top: 0cm; background-image: initial; background-position: initial; background-size: initial; background-repeat: initial; background-attachment: initial; background-origin: initial; background-clip: initial; margin-bottom: 1rem;\">\r\n<span style=\"font-size: 12pt; font-family: Roboto;\">Der Berufsstand der Wirtschaftspr\u00fcfer unterliegt im Wesentlichen nachfolgend genannten berufsrechtlichen Regelungen:<o:p><\/o:p><\/span><\/p>\r\n<ul type=\"disc\">\r\n<li class=\"MsoNormal\" style=\"background-color: white;\">\r\n<span style=\"font-size:12.0pt;font-family:Roboto\">Wirtschaftspr\u00fcferordnung (WPO)<o:p><\/o:p><\/span><\/li>\r\n<li class=\"MsoNormal\" style=\"background-color: white;\">\r\n<span style=\"font-size:12.0pt;font-family:Roboto\">Berufssatzung f\u00fcr Wirtschaftspr\u00fcfer (BS WP) \u2013 Satzung f\u00fcr Qualit\u00e4tskontrolle<o:p><\/o:p><\/span><\/li>\r\n<li class=\"MsoNormal\" style=\"background-color: white;\">\r\n<span style=\"font-size:12.0pt;font-family:Roboto\">Siegelverordnung<o:p><\/o:p><\/span><\/li>\r\n<li class=\"MsoNormal\" style=\"background-color: white;\">\r\n<span style=\"font-size:12.0pt;font-family:Roboto\">Wirtschaftspr\u00fcfer-Berufshaftpflichtversicherungsverordnung<o:p><\/o:p><\/span><\/li>\r\n<\/ul>\r\n<p style=\"margin-top: 0cm; background-image: initial; background-position: initial; background-size: initial; background-repeat: initial; background-attachment: initial; background-origin: initial; background-clip: initial; margin-bottom: 1rem;\">\r\n<span style=\"font-size: 12pt; font-family: Roboto;\">Die Regelungen k\u00f6nnen bei der Wirtschaftspr\u00fcferkammer unter&nbsp;<a href=\"http:\/\/www.wpk.de\/\"><span style=\"color:#5488AB\">http:\/\/www.wpk.de\/<\/span><\/a>&nbsp;(dort unter Service\/Rechtsvorschriften) eingesehen<br> werden.<o:p><\/o:p><\/span><\/p>\r\n<p style=\"margin-top: 0cm; background-image: initial; background-position: initial; background-size: initial; background-repeat: initial; background-attachment: initial; background-origin: initial; background-clip: initial; margin-bottom: 1rem;\">\r\n<strong><span style=\"font-size: 12pt; font-family: Roboto;\">Angaben zur Berufshaftpflichtversicherung\/r\u00e4umlicher Geltungsbereich:<\/span><\/strong><span style=\"font-size: 12pt; font-family: Roboto;\"><o:p><\/o:p><\/span><\/p>\r\n<p style=\"margin-top: 0cm; background-image: initial; background-position: initial; background-size: initial; background-repeat: initial; background-attachment: initial; background-origin: initial; background-clip: initial; margin-bottom: 1rem;\">\r\n<span style=\"font-size: 12pt; font-family: Roboto;\">Markel Insurance SE,<br><\/span><span style=\"font-size: 12pt; font-family: Arial, sans-serif; color: rgb(77, 77, 77); background-image: initial; background-position: initial; background-size: initial; background-repeat: initial; background-attachment: initial; background-origin: initial; background-clip: initial;\">Sophienstr. 26, 80333 M\u00fcnchen<\/span><span style=\"font-size: 12pt; font-family: Roboto;\"><br>r\u00e4umlicher Geltungsbereich: Bundesrepublik Deutschland<o:p><\/o:p><\/span><\/p>\r\n<p style=\"margin-top: 0cm; background-image: initial; background-position: initial; background-size: initial; background-repeat: initial; background-attachment: initial; background-origin: initial; background-clip: initial; margin-bottom: 1rem;\">\r\n<strong><span style=\"font-size: 12pt; font-family: Roboto;\">Gerichtsstand:<\/span><\/strong><span style=\"font-size: 12pt; font-family: Roboto;\"><o:p><\/o:p><\/span><\/p>\r\n<p style=\"margin-top: 0cm; background-image: initial; background-position: initial; background-size: initial; background-repeat: initial; background-attachment: initial; background-origin: initial; background-clip: initial; margin-bottom: 1rem;\">\r\n<span style=\"font-size: 12pt; font-family: Roboto;\">Leipzig<o:p><\/o:p><\/span><\/p>\r\n<p style=\"margin-top: 0cm; background-image: initial; background-position: initial; background-size: initial; background-repeat: initial; background-attachment: initial; background-origin: initial; background-clip: initial; margin-bottom: 1rem;\">\r\n<span style=\"font-size: 12pt; font-family: Roboto;\">Verantwortlich f\u00fcr den Inhalt dieser Seite:&nbsp;<o:p><\/o:p><\/span><\/p>\r\n<p><\/p>\r\n<p style=\"margin-top: 0cm; background-image: initial; background-position: initial; background-size: initial; background-repeat: initial; background-attachment: initial; background-origin: initial; background-clip: initial; margin-bottom: 1rem;\">\r\n<span style=\"font-size: 12pt; font-family: Roboto;\">Dipl.-Kfm. Stephan Str\u00fcmpfel, Wirtschaftspr\u00fcfer &amp; Steuerberater<\/span><\/p>\r\n<h2>Hinweise zur Website<\/h2>\r\n<h2>Information gem\u00e4\u00df \u00a7 36 VSBG<\/h2>\r\n<p>Gem\u00e4\u00df \u00a7 36 VSBG (Verbraucherstreitbeilegungsgesetz \u2013 Gesetz \u00fcber die alternative Streitbeilegung in Verbrauchersachen) erkl\u00e4rt der Betreiber dieser Website:<\/p>\r\n<p>Wir sind weder bereit noch verpflichtet, an Streitbeilegungsverfahren vor einer Verbraucherschlichtungsstelle teilzunehmen.<\/p>\r\n<p><em>Das Impressum wurde mit dem <a href=\"https:\/\/www.activemind.de\/datenschutz\/impressums-generator\/\">Impressums-Generator der activeMind AG<\/a> erstellt.<\/em><\/p>\t\t\t\t\t\t<\/div>\n\t\t\t\t<\/div>\n\t\t\t\t\t<\/div>\n\t\t<\/div>\n\t\t\t\t\t<\/div>\n\t\t<\/section>\n\t\t\t\t<\/div>\n\t\t","protected":false},"excerpt":{"rendered":"<p>Imprint Angaben gem\u00e4\u00df \u00a7 5 TMG: RVC Revicon GmbH, Wirtschaftspr\u00fcfungsgesellschaft Steuerberatungsgesellschaft Pfaffendorfer Stra\u00dfe 2504105 Leipzig Sitz LeipzigHandelsregister LeipzigHRB 39253 USt.-ID DE347493475 Gesch\u00e4ftsf\u00fchrer: Dipl.-Kaufmann Stephan Str\u00fcmpfel (Wirtschaftspr\u00fcfer\/Steuerberater) &nbsp;Zust\u00e4ndige Aufsichtsbeh\u00f6rden und Kammern: Steuerberaterkammer Sachsen Wirtschaftspr\u00fcferkammer Berlin, Rauchstr. 26, 10787 Berlin Berufsrechtliche Regelungen: Der Berufsstand der Steuerberater unterliegt im Wesentlichen nachfolgend genannten berufsrechtlichen Regelungen: Steuerberatungsgesetz (StBerG) Durchf\u00fchrungsverordnung zum [&hellip;]<\/p>\n","protected":false},"author":1,"featured_media":0,"parent":0,"menu_order":0,"comment_status":"closed","ping_status":"closed","template":"elementor_header_footer","meta":{"_acf_changed":false,"footnotes":""},"class_list":["post-185","page","type-page","status-publish","hentry"],"acf":[],"yoast_head":"<!-- This site is optimized with the Yoast SEO plugin v22.5 - https:\/\/yoast.com\/wordpress\/plugins\/seo\/ -->\n<title>Imprint - RVC Revicon Leipzig<\/title>\n<meta name=\"robots\" content=\"noindex, nofollow\" \/>\n<meta property=\"og:locale\" content=\"en_US\" \/>\n<meta property=\"og:type\" content=\"article\" \/>\n<meta property=\"og:title\" content=\"Imprint - RVC Revicon Leipzig\" \/>\n<meta property=\"og:description\" content=\"Imprint Angaben gem\u00e4\u00df \u00a7 5 TMG: RVC Revicon GmbH, Wirtschaftspr\u00fcfungsgesellschaft Steuerberatungsgesellschaft Pfaffendorfer Stra\u00dfe 2504105 Leipzig Sitz LeipzigHandelsregister LeipzigHRB 39253 USt.-ID DE347493475 Gesch\u00e4ftsf\u00fchrer: Dipl.-Kaufmann Stephan Str\u00fcmpfel (Wirtschaftspr\u00fcfer\/Steuerberater) &nbsp;Zust\u00e4ndige Aufsichtsbeh\u00f6rden und Kammern: Steuerberaterkammer Sachsen Wirtschaftspr\u00fcferkammer Berlin, Rauchstr. 26, 10787 Berlin Berufsrechtliche Regelungen: Der Berufsstand der Steuerberater unterliegt im Wesentlichen nachfolgend genannten berufsrechtlichen Regelungen: Steuerberatungsgesetz (StBerG) Durchf\u00fchrungsverordnung zum [&hellip;]\" \/>\n<meta property=\"og:url\" content=\"https:\/\/rvc-leipzig.de\/en\/imprint\/\" \/>\n<meta property=\"og:site_name\" content=\"RVC Revicon Leipzig\" \/>\n<meta property=\"article:modified_time\" content=\"2022-03-14T14:25:26+00:00\" \/>\n<meta name=\"twitter:card\" content=\"summary_large_image\" \/>\n<meta name=\"twitter:label1\" content=\"Est. reading time\" \/>\n\t<meta name=\"twitter:data1\" content=\"1 minute\" \/>\n<script type=\"application\/ld+json\" class=\"yoast-schema-graph\">{\"@context\":\"https:\/\/schema.org\",\"@graph\":[{\"@type\":\"WebPage\",\"@id\":\"https:\/\/rvc-leipzig.de\/en\/imprint\/\",\"url\":\"https:\/\/rvc-leipzig.de\/en\/imprint\/\",\"name\":\"Imprint - RVC Revicon Leipzig\",\"isPartOf\":{\"@id\":\"https:\/\/rvc-leipzig.de\/en\/#website\"},\"datePublished\":\"2022-03-10T12:11:06+00:00\",\"dateModified\":\"2022-03-14T14:25:26+00:00\",\"breadcrumb\":{\"@id\":\"https:\/\/rvc-leipzig.de\/en\/imprint\/#breadcrumb\"},\"inLanguage\":\"en-US\",\"potentialAction\":[{\"@type\":\"ReadAction\",\"target\":[\"https:\/\/rvc-leipzig.de\/en\/imprint\/\"]}]},{\"@type\":\"BreadcrumbList\",\"@id\":\"https:\/\/rvc-leipzig.de\/en\/imprint\/#breadcrumb\",\"itemListElement\":[{\"@type\":\"ListItem\",\"position\":1,\"name\":\"Startseite\",\"item\":\"https:\/\/rvc-leipzig.de\/en\/\"},{\"@type\":\"ListItem\",\"position\":2,\"name\":\"Imprint\"}]},{\"@type\":\"WebSite\",\"@id\":\"https:\/\/rvc-leipzig.de\/en\/#website\",\"url\":\"https:\/\/rvc-leipzig.de\/en\/\",\"name\":\"RVC Revicon Leipzig\",\"description\":\"RVC Revicon GmbH\",\"publisher\":{\"@id\":\"https:\/\/rvc-leipzig.de\/en\/#organization\"},\"potentialAction\":[{\"@type\":\"SearchAction\",\"target\":{\"@type\":\"EntryPoint\",\"urlTemplate\":\"https:\/\/rvc-leipzig.de\/en\/?s={search_term_string}\"},\"query-input\":\"required name=search_term_string\"}],\"inLanguage\":\"en-US\"},{\"@type\":\"Organization\",\"@id\":\"https:\/\/rvc-leipzig.de\/en\/#organization\",\"name\":\"RVC Revicon Leipzig\",\"url\":\"https:\/\/rvc-leipzig.de\/en\/\",\"logo\":{\"@type\":\"ImageObject\",\"inLanguage\":\"en-US\",\"@id\":\"https:\/\/rvc-leipzig.de\/en\/#\/schema\/logo\/image\/\",\"url\":\"https:\/\/rvc-leipzig.de\/wp-content\/uploads\/2022\/03\/220307_logo_3.svg\",\"contentUrl\":\"https:\/\/rvc-leipzig.de\/wp-content\/uploads\/2022\/03\/220307_logo_3.svg\",\"width\":1808,\"height\":1482,\"caption\":\"RVC Revicon Leipzig\"},\"image\":{\"@id\":\"https:\/\/rvc-leipzig.de\/en\/#\/schema\/logo\/image\/\"}}]}<\/script>\n<!-- \/ Yoast SEO plugin. -->","yoast_head_json":{"title":"Imprint - RVC Revicon Leipzig","robots":{"index":"noindex","follow":"nofollow"},"og_locale":"en_US","og_type":"article","og_title":"Imprint - RVC Revicon Leipzig","og_description":"Imprint Angaben gem\u00e4\u00df \u00a7 5 TMG: RVC Revicon GmbH, Wirtschaftspr\u00fcfungsgesellschaft Steuerberatungsgesellschaft Pfaffendorfer Stra\u00dfe 2504105 Leipzig Sitz LeipzigHandelsregister LeipzigHRB 39253 USt.-ID DE347493475 Gesch\u00e4ftsf\u00fchrer: Dipl.-Kaufmann Stephan Str\u00fcmpfel (Wirtschaftspr\u00fcfer\/Steuerberater) &nbsp;Zust\u00e4ndige Aufsichtsbeh\u00f6rden und Kammern: Steuerberaterkammer Sachsen Wirtschaftspr\u00fcferkammer Berlin, Rauchstr. 26, 10787 Berlin Berufsrechtliche Regelungen: Der Berufsstand der Steuerberater unterliegt im Wesentlichen nachfolgend genannten berufsrechtlichen Regelungen: Steuerberatungsgesetz (StBerG) Durchf\u00fchrungsverordnung zum [&hellip;]","og_url":"https:\/\/rvc-leipzig.de\/en\/imprint\/","og_site_name":"RVC Revicon Leipzig","article_modified_time":"2022-03-14T14:25:26+00:00","twitter_card":"summary_large_image","twitter_misc":{"Est. reading time":"1 minute"},"schema":{"@context":"https:\/\/schema.org","@graph":[{"@type":"WebPage","@id":"https:\/\/rvc-leipzig.de\/en\/imprint\/","url":"https:\/\/rvc-leipzig.de\/en\/imprint\/","name":"Imprint - RVC Revicon Leipzig","isPartOf":{"@id":"https:\/\/rvc-leipzig.de\/en\/#website"},"datePublished":"2022-03-10T12:11:06+00:00","dateModified":"2022-03-14T14:25:26+00:00","breadcrumb":{"@id":"https:\/\/rvc-leipzig.de\/en\/imprint\/#breadcrumb"},"inLanguage":"en-US","potentialAction":[{"@type":"ReadAction","target":["https:\/\/rvc-leipzig.de\/en\/imprint\/"]}]},{"@type":"BreadcrumbList","@id":"https:\/\/rvc-leipzig.de\/en\/imprint\/#breadcrumb","itemListElement":[{"@type":"ListItem","position":1,"name":"Startseite","item":"https:\/\/rvc-leipzig.de\/en\/"},{"@type":"ListItem","position":2,"name":"Imprint"}]},{"@type":"WebSite","@id":"https:\/\/rvc-leipzig.de\/en\/#website","url":"https:\/\/rvc-leipzig.de\/en\/","name":"RVC Revicon Leipzig","description":"RVC Revicon GmbH","publisher":{"@id":"https:\/\/rvc-leipzig.de\/en\/#organization"},"potentialAction":[{"@type":"SearchAction","target":{"@type":"EntryPoint","urlTemplate":"https:\/\/rvc-leipzig.de\/en\/?s={search_term_string}"},"query-input":"required name=search_term_string"}],"inLanguage":"en-US"},{"@type":"Organization","@id":"https:\/\/rvc-leipzig.de\/en\/#organization","name":"RVC Revicon Leipzig","url":"https:\/\/rvc-leipzig.de\/en\/","logo":{"@type":"ImageObject","inLanguage":"en-US","@id":"https:\/\/rvc-leipzig.de\/en\/#\/schema\/logo\/image\/","url":"https:\/\/rvc-leipzig.de\/wp-content\/uploads\/2022\/03\/220307_logo_3.svg","contentUrl":"https:\/\/rvc-leipzig.de\/wp-content\/uploads\/2022\/03\/220307_logo_3.svg","width":1808,"height":1482,"caption":"RVC Revicon Leipzig"},"image":{"@id":"https:\/\/rvc-leipzig.de\/en\/#\/schema\/logo\/image\/"}}]}},"_links":{"self":[{"href":"https:\/\/rvc-leipzig.de\/en\/wp-json\/wp\/v2\/pages\/185","targetHints":{"allow":["GET"]}}],"collection":[{"href":"https:\/\/rvc-leipzig.de\/en\/wp-json\/wp\/v2\/pages"}],"about":[{"href":"https:\/\/rvc-leipzig.de\/en\/wp-json\/wp\/v2\/types\/page"}],"author":[{"embeddable":true,"href":"https:\/\/rvc-leipzig.de\/en\/wp-json\/wp\/v2\/users\/1"}],"replies":[{"embeddable":true,"href":"https:\/\/rvc-leipzig.de\/en\/wp-json\/wp\/v2\/comments?post=185"}],"version-history":[{"count":4,"href":"https:\/\/rvc-leipzig.de\/en\/wp-json\/wp\/v2\/pages\/185\/revisions"}],"predecessor-version":[{"id":210,"href":"https:\/\/rvc-leipzig.de\/en\/wp-json\/wp\/v2\/pages\/185\/revisions\/210"}],"wp:attachment":[{"href":"https:\/\/rvc-leipzig.de\/en\/wp-json\/wp\/v2\/media?parent=185"}],"curies":[{"name":"wp","href":"https:\/\/api.w.org\/{rel}","templated":true}]}}